{"id":40,"date":"2022-10-18T11:20:55","date_gmt":"2022-10-18T09:20:55","guid":{"rendered":"https:\/\/fcg-bad-saulgau.de\/fcgbs\/?page_id=40"},"modified":"2025-04-05T17:58:04","modified_gmt":"2025-04-05T15:58:04","slug":"kinderstunde","status":"publish","type":"page","link":"https:\/\/fcg-bad-saulgau.de\/fcgbs\/kinderstunde\/","title":{"rendered":"Kinderstunde"},"content":{"rendered":"\t\t<div data-elementor-type=\"wp-page\" data-elementor-id=\"40\" class=\"elementor elementor-40\">\n\t\t\t\t\t\t<section class=\"elementor-section elementor-top-section elementor-element elementor-element-4770dcb elementor-section-full_width elementor-section-height-default elementor-section-height-default\" data-id=\"4770dcb\" data-element_type=\"section\" data-e-type=\"section\">\n\t\t\t\t\t\t<div class=\"elementor-container elementor-column-gap-no\">\n\t\t\t\t\t<div class=\"elementor-column elementor-col-100 elementor-top-column elementor-element elementor-element-dc8dee1\" data-id=\"dc8dee1\" data-element_type=\"column\" data-e-type=\"column\">\n\t\t\t<div class=\"elementor-widget-wrap elementor-element-populated\">\n\t\t\t\t\t\t<div class=\"elementor-element elementor-element-dd0e8ac elementor-widget elementor-widget-image\" data-id=\"dd0e8ac\" data-element_type=\"widget\" data-e-type=\"widget\" data-widget_type=\"image.default\">\n\t\t\t\t<div class=\"elementor-widget-container\">\n\t\t\t\t\t\t\t\t\t\t\t\t\t\t\t<img fetchpriority=\"high\" decoding=\"async\" width=\"2560\" height=\"1024\" src=\"https:\/\/fcg-bad-saulgau.de\/fcgbs\/wp-content\/uploads\/2022\/10\/kinder-scaled.jpg\" class=\"attachment-full size-full wp-image-291\" alt=\"\" srcset=\"https:\/\/fcg-bad-saulgau.de\/fcgbs\/wp-content\/uploads\/2022\/10\/kinder-scaled.jpg 2560w, https:\/\/fcg-bad-saulgau.de\/fcgbs\/wp-content\/uploads\/2022\/10\/kinder-300x120.jpg 300w, https:\/\/fcg-bad-saulgau.de\/fcgbs\/wp-content\/uploads\/2022\/10\/kinder-1024x410.jpg 1024w, https:\/\/fcg-bad-saulgau.de\/fcgbs\/wp-content\/uploads\/2022\/10\/kinder-768x307.jpg 768w, https:\/\/fcg-bad-saulgau.de\/fcgbs\/wp-content\/uploads\/2022\/10\/kinder-1536x614.jpg 1536w, https:\/\/fcg-bad-saulgau.de\/fcgbs\/wp-content\/uploads\/2022\/10\/kinder-2048x819.jpg 2048w\" sizes=\"(max-width: 2560px) 100vw, 2560px\" \/>\t\t\t\t\t\t\t\t\t\t\t\t\t\t\t<\/div>\n\t\t\t\t<\/div>\n\t\t\t\t\t<\/div>\n\t\t<\/div>\n\t\t\t\t\t<\/div>\n\t\t<\/section>\n\t\t\t\t<section class=\"elementor-section elementor-top-section elementor-element elementor-element-7abbdb9 elementor-section-boxed elementor-section-height-default elementor-section-height-default\" data-id=\"7abbdb9\" data-element_type=\"section\" data-e-type=\"section\">\n\t\t\t\t\t\t<div class=\"elementor-container elementor-column-gap-default\">\n\t\t\t\t\t<div class=\"elementor-column elementor-col-100 elementor-top-column elementor-element elementor-element-9327556\" data-id=\"9327556\" data-element_type=\"column\" data-e-type=\"column\">\n\t\t\t<div class=\"elementor-widget-wrap elementor-element-populated\">\n\t\t\t\t\t\t<div class=\"elementor-element elementor-element-55fa6ca elementor-widget elementor-widget-spacer\" data-id=\"55fa6ca\" data-element_type=\"widget\" data-e-type=\"widget\" data-widget_type=\"spacer.default\">\n\t\t\t\t<div class=\"elementor-widget-container\">\n\t\t\t\t\t\t\t<div class=\"elementor-spacer\">\n\t\t\t<div class=\"elementor-spacer-inner\"><\/div>\n\t\t<\/div>\n\t\t\t\t\t\t<\/div>\n\t\t\t\t<\/div>\n\t\t\t\t<div class=\"elementor-element elementor-element-e81c73c elementor-widget elementor-widget-heading\" data-id=\"e81c73c\" data-element_type=\"widget\" data-e-type=\"widget\" data-widget_type=\"heading.default\">\n\t\t\t\t<div class=\"elementor-widget-container\">\n\t\t\t\t\t<h2 class=\"elementor-heading-title elementor-size-default\">F\u00fcr unsere kleinen G\u00e4ste<\/h2>\t\t\t\t<\/div>\n\t\t\t\t<\/div>\n\t\t\t\t<div class=\"elementor-element elementor-element-dc1559f elementor-widget elementor-widget-text-editor\" data-id=\"dc1559f\" data-element_type=\"widget\" data-e-type=\"widget\" data-widget_type=\"text-editor.default\">\n\t\t\t\t<div class=\"elementor-widget-container\">\n\t\t\t\t\t\t\t\t\t<p>Parallel zum Gottesdienst gibt es (fast) jeden Sonntag ein spannendes Kinderprogramm.<br \/>Beim Familiengottesdienst, der immer am ersten Sonntag im Monat stattfindet, feiern die Kinder gemeinsam mit den Erwachsenen den Gottesdienst.<br \/>An den anderen Sonntagen treffen wir uns zur Kinderstunde.<\/p><p>Gemeinsam tauchen wir in Gottes Wort ein \u2013 vom Alten bis ins Neue Testament \u2013 und erz\u00e4hlen den Kindern auf spielerische Weise spannende Geschichten aus der Bibel. Spiel und Spa\u00df kommen dabei nat\u00fcrlich\u00a0nicht\u00a0zu\u00a0kurz!<\/p>\t\t\t\t\t\t\t\t<\/div>\n\t\t\t\t<\/div>\n\t\t\t\t<div class=\"elementor-element elementor-element-b6d9e25 elementor-widget elementor-widget-spacer\" data-id=\"b6d9e25\" data-element_type=\"widget\" data-e-type=\"widget\" data-widget_type=\"spacer.default\">\n\t\t\t\t<div class=\"elementor-widget-container\">\n\t\t\t\t\t\t\t<div class=\"elementor-spacer\">\n\t\t\t<div class=\"elementor-spacer-inner\"><\/div>\n\t\t<\/div>\n\t\t\t\t\t\t<\/div>\n\t\t\t\t<\/div>\n\t\t\t\t\t<\/div>\n\t\t<\/div>\n\t\t\t\t\t<\/div>\n\t\t<\/section>\n\t\t\t\t<\/div>\n\t\t","protected":false},"excerpt":{"rendered":"<p>F\u00fcr unsere kleinen G\u00e4ste Parallel zum Gottesdienst gibt es (fast) jeden Sonntag ein spannendes Kinderprogramm.Beim Familiengottesdienst, der immer am ersten Sonntag im Monat stattfindet, feiern die Kinder gemeinsam mit den Erwachsenen den Gottesdienst.An den anderen Sonntagen treffen wir uns zur Kinderstunde. Gemeinsam tauchen wir in Gottes Wort ein \u2013 vom Alten bis ins Neue Testament [&hellip;]<\/p>\n","protected":false},"author":1,"featured_media":0,"parent":0,"menu_order":0,"comment_status":"closed","ping_status":"closed","template":"","meta":{"ocean_post_layout":"full-screen","ocean_both_sidebars_style":"","ocean_both_sidebars_content_width":0,"ocean_both_sidebars_sidebars_width":0,"ocean_sidebar":"0","ocean_second_sidebar":"0","ocean_disable_margins":"enable","ocean_add_body_class":"","ocean_shortcode_before_top_bar":"","ocean_shortcode_after_top_bar":"","ocean_shortcode_before_header":"","ocean_shortcode_after_header":"","ocean_has_shortcode":"","ocean_shortcode_after_title":"","ocean_shortcode_before_footer_widgets":"","ocean_shortcode_after_footer_widgets":"","ocean_shortcode_before_footer_bottom":"","ocean_shortcode_after_footer_bottom":"","ocean_display_top_bar":"off","ocean_display_header":"default","ocean_header_style":"","ocean_center_header_left_menu":"0","ocean_custom_header_template":"0","ocean_custom_logo":0,"ocean_custom_retina_logo":0,"ocean_custom_logo_max_width":0,"ocean_custom_logo_tablet_max_width":0,"ocean_custom_logo_mobile_max_width":0,"ocean_custom_logo_max_height":0,"ocean_custom_logo_tablet_max_height":0,"ocean_custom_logo_mobile_max_height":0,"ocean_header_custom_menu":"0","ocean_menu_typo_font_family":"0","ocean_menu_typo_font_subset":"","ocean_menu_typo_font_size":0,"ocean_menu_typo_font_size_tablet":0,"ocean_menu_typo_font_size_mobile":0,"ocean_menu_typo_font_size_unit":"px","ocean_menu_typo_font_weight":"","ocean_menu_typo_font_weight_tablet":"","ocean_menu_typo_font_weight_mobile":"","ocean_menu_typo_transform":"","ocean_menu_typo_transform_tablet":"","ocean_menu_typo_transform_mobile":"","ocean_menu_typo_line_height":0,"ocean_menu_typo_line_height_tablet":0,"ocean_menu_typo_line_height_mobile":0,"ocean_menu_typo_line_height_unit":"","ocean_menu_typo_spacing":0,"ocean_menu_typo_spacing_tablet":0,"ocean_menu_typo_spacing_mobile":0,"ocean_menu_typo_spacing_unit":"","ocean_menu_link_color":"","ocean_menu_link_color_hover":"","ocean_menu_link_color_active":"","ocean_menu_link_background":"","ocean_menu_link_hover_background":"","ocean_menu_link_active_background":"","ocean_menu_social_links_bg":"","ocean_menu_social_hover_links_bg":"","ocean_menu_social_links_color":"","ocean_menu_social_hover_links_color":"","ocean_disable_title":"on","ocean_disable_heading":"default","ocean_post_title":"","ocean_post_subheading":"","ocean_post_title_style":"","ocean_post_title_background_color":"","ocean_post_title_background":0,"ocean_post_title_bg_image_position":"","ocean_post_title_bg_image_attachment":"","ocean_post_title_bg_image_repeat":"","ocean_post_title_bg_image_size":"","ocean_post_title_height":0,"ocean_post_title_bg_overlay":0.5,"ocean_post_title_bg_overlay_color":"","ocean_disable_breadcrumbs":"default","ocean_breadcrumbs_color":"","ocean_breadcrumbs_separator_color":"","ocean_breadcrumbs_links_color":"","ocean_breadcrumbs_links_hover_color":"","ocean_display_footer_widgets":"off","ocean_display_footer_bottom":"default","ocean_custom_footer_template":"0","footnotes":""},"class_list":["post-40","page","type-page","status-publish","hentry","entry"],"_links":{"self":[{"href":"https:\/\/fcg-bad-saulgau.de\/fcgbs\/wp-json\/wp\/v2\/pages\/40","targetHints":{"allow":["GET"]}}],"collection":[{"href":"https:\/\/fcg-bad-saulgau.de\/fcgbs\/wp-json\/wp\/v2\/pages"}],"about":[{"href":"https:\/\/fcg-bad-saulgau.de\/fcgbs\/wp-json\/wp\/v2\/types\/page"}],"author":[{"embeddable":true,"href":"https:\/\/fcg-bad-saulgau.de\/fcgbs\/wp-json\/wp\/v2\/users\/1"}],"replies":[{"embeddable":true,"href":"https:\/\/fcg-bad-saulgau.de\/fcgbs\/wp-json\/wp\/v2\/comments?post=40"}],"version-history":[{"count":28,"href":"https:\/\/fcg-bad-saulgau.de\/fcgbs\/wp-json\/wp\/v2\/pages\/40\/revisions"}],"predecessor-version":[{"id":1598,"href":"https:\/\/fcg-bad-saulgau.de\/fcgbs\/wp-json\/wp\/v2\/pages\/40\/revisions\/1598"}],"wp:attachment":[{"href":"https:\/\/fcg-bad-saulgau.de\/fcgbs\/wp-json\/wp\/v2\/media?parent=40"}],"curies":[{"name":"wp","href":"https:\/\/api.w.org\/{rel}","templated":true}]}}